{"id":968,"date":"2025-12-04T00:21:28","date_gmt":"2025-12-04T00:21:28","guid":{"rendered":"https:\/\/kabuki-izdelki.si\/?post_type=product&#038;p=968"},"modified":"2025-12-04T00:25:12","modified_gmt":"2025-12-04T00:25:12","slug":"5-delni-komplet-leseni-halloween-magnetki","status":"publish","type":"product","link":"https:\/\/kabuki-izdelki.si\/en\/product\/5-delni-komplet-leseni-halloween-magnetki\/","title":{"rendered":"5-delni komplet, Leseni Halloween magnetki"},"content":{"rendered":"","protected":false},"excerpt":{"rendered":"<p>Komplet lesenih halloween magnetkov je kot nala\u0161\u010d za tematsko okrasitev va\u0161ega doma.<\/p>\n<p><strong>Magnetki so barvani.<\/strong><\/p>","protected":false},"featured_media":931,"template":"","meta":{"_acf_changed":false},"product_brand":[],"product_cat":[34],"product_tag":[],"class_list":{"0":"post-968","1":"product","2":"type-product","3":"status-publish","4":"has-post-thumbnail","6":"product_cat-dom-in-prosti-cas","8":"first","9":"instock","10":"shipping-taxable","11":"purchasable","12":"product-type-simple"},"acf":[],"_links":{"self":[{"href":"https:\/\/kabuki-izdelki.si\/en\/wp-json\/wp\/v2\/product\/968","targetHints":{"allow":["GET"]}}],"collection":[{"href":"https:\/\/kabuki-izdelki.si\/en\/wp-json\/wp\/v2\/product"}],"about":[{"href":"https:\/\/kabuki-izdelki.si\/en\/wp-json\/wp\/v2\/types\/product"}],"wp:featuredmedia":[{"embeddable":true,"href":"https:\/\/kabuki-izdelki.si\/en\/wp-json\/wp\/v2\/media\/931"}],"wp:attachment":[{"href":"https:\/\/kabuki-izdelki.si\/en\/wp-json\/wp\/v2\/media?parent=968"}],"wp:term":[{"taxonomy":"product_brand","embeddable":true,"href":"https:\/\/kabuki-izdelki.si\/en\/wp-json\/wp\/v2\/product_brand?post=968"},{"taxonomy":"product_cat","embeddable":true,"href":"https:\/\/kabuki-izdelki.si\/en\/wp-json\/wp\/v2\/product_cat?post=968"},{"taxonomy":"product_tag","embeddable":true,"href":"https:\/\/kabuki-izdelki.si\/en\/wp-json\/wp\/v2\/product_tag?post=968"}],"curies":[{"name":"wp","href":"https:\/\/api.w.org\/{rel}","templated":true}]}}