{"id":964,"date":"2025-12-04T00:04:52","date_gmt":"2025-12-04T00:04:52","guid":{"rendered":"https:\/\/kabuki-izdelki.si\/?post_type=product&#038;p=964"},"modified":"2025-12-04T00:32:08","modified_gmt":"2025-12-04T00:32:08","slug":"ekoloska-lesena-svecka-plamen","status":"publish","type":"product","link":"https:\/\/kabuki-izdelki.si\/en\/product\/ekoloska-lesena-svecka-plamen\/","title":{"rendered":"EKO lesena sve\u010dka PLAMEN"},"content":{"rendered":"","protected":false},"excerpt":{"rendered":"<p>Ekolo\u0161ko in trajnostno.<\/p>\n<p>Unikatna ekolo\u0161ka lesena gravirana nagrobna sve\u010dka.<\/p>\n<p>Izbirate lahko med 4 razli\u010dnimi modeli. Angel, Srce, Kri\u017e, Kri\u017eek<\/p>\n<p>&nbsp;<\/p>\n<p><em><strong>Opombe:<\/strong> Po dolgotrajni izpostavljenosti soncu\/de\u017eju in drugim vremenskim vplivom, lahko gravura pobledi. <\/em><\/p>","protected":false},"featured_media":926,"template":"","meta":{"_acf_changed":false},"product_brand":[],"product_cat":[39],"product_tag":[],"class_list":{"0":"post-964","1":"product","2":"type-product","3":"status-publish","4":"has-post-thumbnail","6":"product_cat-svece-in-angelcki","8":"first","9":"instock","10":"shipping-taxable","11":"purchasable","12":"product-type-simple"},"acf":[],"_links":{"self":[{"href":"https:\/\/kabuki-izdelki.si\/en\/wp-json\/wp\/v2\/product\/964","targetHints":{"allow":["GET"]}}],"collection":[{"href":"https:\/\/kabuki-izdelki.si\/en\/wp-json\/wp\/v2\/product"}],"about":[{"href":"https:\/\/kabuki-izdelki.si\/en\/wp-json\/wp\/v2\/types\/product"}],"wp:featuredmedia":[{"embeddable":true,"href":"https:\/\/kabuki-izdelki.si\/en\/wp-json\/wp\/v2\/media\/926"}],"wp:attachment":[{"href":"https:\/\/kabuki-izdelki.si\/en\/wp-json\/wp\/v2\/media?parent=964"}],"wp:term":[{"taxonomy":"product_brand","embeddable":true,"href":"https:\/\/kabuki-izdelki.si\/en\/wp-json\/wp\/v2\/product_brand?post=964"},{"taxonomy":"product_cat","embeddable":true,"href":"https:\/\/kabuki-izdelki.si\/en\/wp-json\/wp\/v2\/product_cat?post=964"},{"taxonomy":"product_tag","embeddable":true,"href":"https:\/\/kabuki-izdelki.si\/en\/wp-json\/wp\/v2\/product_tag?post=964"}],"curies":[{"name":"wp","href":"https:\/\/api.w.org\/{rel}","templated":true}]}}