{"id":962,"date":"2025-12-03T23:54:47","date_gmt":"2025-12-03T23:54:47","guid":{"rendered":"https:\/\/kabuki-izdelki.si\/?post_type=product&#038;p=962"},"modified":"2025-12-04T00:31:39","modified_gmt":"2025-12-04T00:31:39","slug":"3-delni-komplet-nagrobnih-angelckov","status":"publish","type":"product","link":"https:\/\/kabuki-izdelki.si\/en\/product\/3-delni-komplet-nagrobnih-angelckov\/","title":{"rendered":"4-delni komplet, EKO lesene sve\u010dke SRCE"},"content":{"rendered":"","protected":false},"excerpt":{"rendered":"<p>Ekolo\u0161ko in trajnostno.<\/p>\n<p>\u0160tiri unikatne ekolo\u0161ke lesene gravirane nagrobne sve\u010dke.<\/p>\n<p>&nbsp;<\/p>\n<p><em><strong>Opombe:<\/strong> Po dolgotrajni izpostavljenosti soncu\/de\u017eju in drugim vremenskim vplivom, lahko gravura pobledi. <\/em><\/p>","protected":false},"featured_media":935,"template":"","meta":{"_acf_changed":false},"product_brand":[],"product_cat":[39],"product_tag":[],"class_list":{"0":"post-962","1":"product","2":"type-product","3":"status-publish","4":"has-post-thumbnail","6":"product_cat-svece-in-angelcki","8":"first","9":"instock","10":"shipping-taxable","11":"purchasable","12":"product-type-simple"},"acf":[],"_links":{"self":[{"href":"https:\/\/kabuki-izdelki.si\/en\/wp-json\/wp\/v2\/product\/962","targetHints":{"allow":["GET"]}}],"collection":[{"href":"https:\/\/kabuki-izdelki.si\/en\/wp-json\/wp\/v2\/product"}],"about":[{"href":"https:\/\/kabuki-izdelki.si\/en\/wp-json\/wp\/v2\/types\/product"}],"wp:featuredmedia":[{"embeddable":true,"href":"https:\/\/kabuki-izdelki.si\/en\/wp-json\/wp\/v2\/media\/935"}],"wp:attachment":[{"href":"https:\/\/kabuki-izdelki.si\/en\/wp-json\/wp\/v2\/media?parent=962"}],"wp:term":[{"taxonomy":"product_brand","embeddable":true,"href":"https:\/\/kabuki-izdelki.si\/en\/wp-json\/wp\/v2\/product_brand?post=962"},{"taxonomy":"product_cat","embeddable":true,"href":"https:\/\/kabuki-izdelki.si\/en\/wp-json\/wp\/v2\/product_cat?post=962"},{"taxonomy":"product_tag","embeddable":true,"href":"https:\/\/kabuki-izdelki.si\/en\/wp-json\/wp\/v2\/product_tag?post=962"}],"curies":[{"name":"wp","href":"https:\/\/api.w.org\/{rel}","templated":true}]}}