{"id":958,"date":"2025-12-03T23:43:02","date_gmt":"2025-12-03T23:43:02","guid":{"rendered":"https:\/\/kabuki-izdelki.si\/?post_type=product&#038;p=958"},"modified":"2025-12-03T23:43:54","modified_gmt":"2025-12-03T23:43:54","slug":"personaliziran-obesek-za-smrecico-snezinka","status":"publish","type":"product","link":"https:\/\/kabuki-izdelki.si\/en\/product\/personaliziran-obesek-za-smrecico-snezinka\/","title":{"rendered":"Personaliziran obesek za smre\u010dico &#8211; sne\u017einka"},"content":{"rendered":"","protected":false},"excerpt":{"rendered":"<p>Personaliziran obesek za smre\u010dico z graviranim va\u0161im imenom, z motivom sne\u017eink.<\/p>","protected":false},"featured_media":919,"template":"","meta":{"_acf_changed":false},"product_brand":[],"product_cat":[34],"product_tag":[],"class_list":{"0":"post-958","1":"product","2":"type-product","3":"status-publish","4":"has-post-thumbnail","6":"product_cat-dom-in-prosti-cas","8":"first","9":"instock","10":"shipping-taxable","11":"purchasable","12":"product-type-simple"},"acf":[],"_links":{"self":[{"href":"https:\/\/kabuki-izdelki.si\/en\/wp-json\/wp\/v2\/product\/958","targetHints":{"allow":["GET"]}}],"collection":[{"href":"https:\/\/kabuki-izdelki.si\/en\/wp-json\/wp\/v2\/product"}],"about":[{"href":"https:\/\/kabuki-izdelki.si\/en\/wp-json\/wp\/v2\/types\/product"}],"wp:featuredmedia":[{"embeddable":true,"href":"https:\/\/kabuki-izdelki.si\/en\/wp-json\/wp\/v2\/media\/919"}],"wp:attachment":[{"href":"https:\/\/kabuki-izdelki.si\/en\/wp-json\/wp\/v2\/media?parent=958"}],"wp:term":[{"taxonomy":"product_brand","embeddable":true,"href":"https:\/\/kabuki-izdelki.si\/en\/wp-json\/wp\/v2\/product_brand?post=958"},{"taxonomy":"product_cat","embeddable":true,"href":"https:\/\/kabuki-izdelki.si\/en\/wp-json\/wp\/v2\/product_cat?post=958"},{"taxonomy":"product_tag","embeddable":true,"href":"https:\/\/kabuki-izdelki.si\/en\/wp-json\/wp\/v2\/product_tag?post=958"}],"curies":[{"name":"wp","href":"https:\/\/api.w.org\/{rel}","templated":true}]}}