{"id":955,"date":"2025-12-03T23:26:25","date_gmt":"2025-12-03T23:26:25","guid":{"rendered":"https:\/\/kabuki-izdelki.si\/?post_type=product&#038;p=955"},"modified":"2025-12-04T18:03:41","modified_gmt":"2025-12-04T18:03:41","slug":"personaliziran-obesek-za-smrecico-jelencek","status":"publish","type":"product","link":"https:\/\/kabuki-izdelki.si\/en\/product\/personaliziran-obesek-za-smrecico-jelencek\/","title":{"rendered":"Personaliziran obesek za smre\u010dico &#8211; jelen\u010dek"},"content":{"rendered":"","protected":false},"excerpt":{"rendered":"<p><strong>Dimenzija:<\/strong> 75 x 120 mm<\/p>\n<p>Lesen obesek z motivom jelen\u010dka za smre\u010dico z va\u0161im imenom.<\/p>\n<p>Obesek je barvan.<\/p>","protected":false},"featured_media":918,"template":"","meta":{"_acf_changed":false},"product_brand":[],"product_cat":[34],"product_tag":[],"class_list":{"0":"post-955","1":"product","2":"type-product","3":"status-publish","4":"has-post-thumbnail","6":"product_cat-dom-in-prosti-cas","8":"first","9":"instock","10":"shipping-taxable","11":"purchasable","12":"product-type-simple"},"acf":[],"_links":{"self":[{"href":"https:\/\/kabuki-izdelki.si\/en\/wp-json\/wp\/v2\/product\/955","targetHints":{"allow":["GET"]}}],"collection":[{"href":"https:\/\/kabuki-izdelki.si\/en\/wp-json\/wp\/v2\/product"}],"about":[{"href":"https:\/\/kabuki-izdelki.si\/en\/wp-json\/wp\/v2\/types\/product"}],"wp:featuredmedia":[{"embeddable":true,"href":"https:\/\/kabuki-izdelki.si\/en\/wp-json\/wp\/v2\/media\/918"}],"wp:attachment":[{"href":"https:\/\/kabuki-izdelki.si\/en\/wp-json\/wp\/v2\/media?parent=955"}],"wp:term":[{"taxonomy":"product_brand","embeddable":true,"href":"https:\/\/kabuki-izdelki.si\/en\/wp-json\/wp\/v2\/product_brand?post=955"},{"taxonomy":"product_cat","embeddable":true,"href":"https:\/\/kabuki-izdelki.si\/en\/wp-json\/wp\/v2\/product_cat?post=955"},{"taxonomy":"product_tag","embeddable":true,"href":"https:\/\/kabuki-izdelki.si\/en\/wp-json\/wp\/v2\/product_tag?post=955"}],"curies":[{"name":"wp","href":"https:\/\/api.w.org\/{rel}","templated":true}]}}