{"id":953,"date":"2025-12-03T23:24:31","date_gmt":"2025-12-03T23:24:31","guid":{"rendered":"https:\/\/kabuki-izdelki.si\/?post_type=product&#038;p=953"},"modified":"2025-12-03T23:26:02","modified_gmt":"2025-12-03T23:26:02","slug":"lesen-graviran-obesek-z-imenom-za-smrecico","status":"publish","type":"product","link":"https:\/\/kabuki-izdelki.si\/en\/product\/lesen-graviran-obesek-z-imenom-za-smrecico\/","title":{"rendered":"Lesen graviran obesek z imenom za smre\u010dico"},"content":{"rendered":"","protected":false},"excerpt":{"rendered":"<p>Lesen obesek za smre\u010dico z va\u0161im imenom.<\/p>","protected":false},"featured_media":916,"template":"","meta":{"_acf_changed":false},"product_brand":[],"product_cat":[34],"product_tag":[],"class_list":{"0":"post-953","1":"product","2":"type-product","3":"status-publish","4":"has-post-thumbnail","6":"product_cat-dom-in-prosti-cas","8":"first","9":"instock","10":"shipping-taxable","11":"purchasable","12":"product-type-simple"},"acf":[],"_links":{"self":[{"href":"https:\/\/kabuki-izdelki.si\/en\/wp-json\/wp\/v2\/product\/953","targetHints":{"allow":["GET"]}}],"collection":[{"href":"https:\/\/kabuki-izdelki.si\/en\/wp-json\/wp\/v2\/product"}],"about":[{"href":"https:\/\/kabuki-izdelki.si\/en\/wp-json\/wp\/v2\/types\/product"}],"wp:featuredmedia":[{"embeddable":true,"href":"https:\/\/kabuki-izdelki.si\/en\/wp-json\/wp\/v2\/media\/916"}],"wp:attachment":[{"href":"https:\/\/kabuki-izdelki.si\/en\/wp-json\/wp\/v2\/media?parent=953"}],"wp:term":[{"taxonomy":"product_brand","embeddable":true,"href":"https:\/\/kabuki-izdelki.si\/en\/wp-json\/wp\/v2\/product_brand?post=953"},{"taxonomy":"product_cat","embeddable":true,"href":"https:\/\/kabuki-izdelki.si\/en\/wp-json\/wp\/v2\/product_cat?post=953"},{"taxonomy":"product_tag","embeddable":true,"href":"https:\/\/kabuki-izdelki.si\/en\/wp-json\/wp\/v2\/product_tag?post=953"}],"curies":[{"name":"wp","href":"https:\/\/api.w.org\/{rel}","templated":true}]}}