{"id":949,"date":"2025-12-03T23:17:58","date_gmt":"2025-12-03T23:17:58","guid":{"rendered":"https:\/\/kabuki-izdelki.si\/?post_type=product&#038;p=949"},"modified":"2025-12-04T17:49:04","modified_gmt":"2025-12-04T17:49:04","slug":"lesena-tabla-za-napoved-nosecnosti","status":"publish","type":"product","link":"https:\/\/kabuki-izdelki.si\/en\/product\/lesena-tabla-za-napoved-nosecnosti\/","title":{"rendered":"Lesena tabla za napoved nose\u010dnosti"},"content":{"rendered":"","protected":false},"excerpt":{"rendered":"<p><strong>Dimenzija:<\/strong> 110 mm (krog)<\/p>\n<p>Lesena tabla z gravirano silhueto dru\u017eine, ki je kot nala\u0161\u010d za nose\u010dni\u0161ko fotografiranje.<\/p>","protected":false},"featured_media":1013,"template":"","meta":{"_acf_changed":false},"product_brand":[],"product_cat":[34],"product_tag":[],"class_list":{"0":"post-949","1":"product","2":"type-product","3":"status-publish","4":"has-post-thumbnail","6":"product_cat-dom-in-prosti-cas","8":"first","9":"instock","10":"shipping-taxable","11":"purchasable","12":"product-type-simple"},"acf":[],"_links":{"self":[{"href":"https:\/\/kabuki-izdelki.si\/en\/wp-json\/wp\/v2\/product\/949","targetHints":{"allow":["GET"]}}],"collection":[{"href":"https:\/\/kabuki-izdelki.si\/en\/wp-json\/wp\/v2\/product"}],"about":[{"href":"https:\/\/kabuki-izdelki.si\/en\/wp-json\/wp\/v2\/types\/product"}],"wp:featuredmedia":[{"embeddable":true,"href":"https:\/\/kabuki-izdelki.si\/en\/wp-json\/wp\/v2\/media\/1013"}],"wp:attachment":[{"href":"https:\/\/kabuki-izdelki.si\/en\/wp-json\/wp\/v2\/media?parent=949"}],"wp:term":[{"taxonomy":"product_brand","embeddable":true,"href":"https:\/\/kabuki-izdelki.si\/en\/wp-json\/wp\/v2\/product_brand?post=949"},{"taxonomy":"product_cat","embeddable":true,"href":"https:\/\/kabuki-izdelki.si\/en\/wp-json\/wp\/v2\/product_cat?post=949"},{"taxonomy":"product_tag","embeddable":true,"href":"https:\/\/kabuki-izdelki.si\/en\/wp-json\/wp\/v2\/product_tag?post=949"}],"curies":[{"name":"wp","href":"https:\/\/api.w.org\/{rel}","templated":true}]}}