{"id":940,"date":"2025-12-03T22:46:20","date_gmt":"2025-12-03T22:46:20","guid":{"rendered":"https:\/\/kabuki-izdelki.si\/?post_type=product&#038;p=940"},"modified":"2025-12-03T22:54:46","modified_gmt":"2025-12-03T22:54:46","slug":"lesena-vrtnica-z-imenom","status":"publish","type":"product","link":"https:\/\/kabuki-izdelki.si\/en\/product\/lesena-vrtnica-z-imenom\/","title":{"rendered":"Lesena vrtnica z imenom"},"content":{"rendered":"","protected":false},"excerpt":{"rendered":"<p>Lesena vrtnica, ki ne bo nikoli ovenela.<\/p>\n<p>Kot nala\u0161\u010d za valentinovo ali obletnico va\u0161e drage.<\/p>\n<p>Lahko izberete tudi premium verzijo, kjer je ime gravirano.<\/p>","protected":false},"featured_media":907,"template":"","meta":{"_acf_changed":false},"product_brand":[],"product_cat":[38,40],"product_tag":[],"class_list":{"0":"post-940","1":"product","2":"type-product","3":"status-publish","4":"has-post-thumbnail","6":"product_cat-rojstni-dan","7":"product_cat-valentinovo","9":"first","10":"instock","11":"shipping-taxable","12":"purchasable","13":"product-type-simple"},"acf":[],"_links":{"self":[{"href":"https:\/\/kabuki-izdelki.si\/en\/wp-json\/wp\/v2\/product\/940","targetHints":{"allow":["GET"]}}],"collection":[{"href":"https:\/\/kabuki-izdelki.si\/en\/wp-json\/wp\/v2\/product"}],"about":[{"href":"https:\/\/kabuki-izdelki.si\/en\/wp-json\/wp\/v2\/types\/product"}],"wp:featuredmedia":[{"embeddable":true,"href":"https:\/\/kabuki-izdelki.si\/en\/wp-json\/wp\/v2\/media\/907"}],"wp:attachment":[{"href":"https:\/\/kabuki-izdelki.si\/en\/wp-json\/wp\/v2\/media?parent=940"}],"wp:term":[{"taxonomy":"product_brand","embeddable":true,"href":"https:\/\/kabuki-izdelki.si\/en\/wp-json\/wp\/v2\/product_brand?post=940"},{"taxonomy":"product_cat","embeddable":true,"href":"https:\/\/kabuki-izdelki.si\/en\/wp-json\/wp\/v2\/product_cat?post=940"},{"taxonomy":"product_tag","embeddable":true,"href":"https:\/\/kabuki-izdelki.si\/en\/wp-json\/wp\/v2\/product_tag?post=940"}],"curies":[{"name":"wp","href":"https:\/\/api.w.org\/{rel}","templated":true}]}}