{"id":897,"date":"2025-12-03T21:31:22","date_gmt":"2025-12-03T21:31:22","guid":{"rendered":"https:\/\/kabuki-izdelki.si\/?post_type=product&#038;p=897"},"modified":"2025-12-03T21:34:31","modified_gmt":"2025-12-03T21:34:31","slug":"angelcek-z-napisom","status":"publish","type":"product","link":"https:\/\/kabuki-izdelki.si\/en\/product\/angelcek-z-napisom\/","title":{"rendered":"Angel\u010dek z napisom"},"content":{"rendered":"","protected":false},"excerpt":{"rendered":"<p>Unikatni graviran\u00a0 angel\u010dek na les.<\/p>\n<p>Naj angel\u010dek vpra\u0161a, ali bo\u0161 postal\/postala moja krsta botra. Vpi\u0161i spodaj \u017eeleno gravirano vpra\u0161anje\/verz.<\/p>","protected":false},"featured_media":895,"template":"","meta":{"_acf_changed":false},"product_brand":[],"product_cat":[36],"product_tag":[],"class_list":{"0":"post-897","1":"product","2":"type-product","3":"status-publish","4":"has-post-thumbnail","6":"product_cat-krst","8":"first","9":"instock","10":"shipping-taxable","11":"purchasable","12":"product-type-simple"},"acf":[],"_links":{"self":[{"href":"https:\/\/kabuki-izdelki.si\/en\/wp-json\/wp\/v2\/product\/897","targetHints":{"allow":["GET"]}}],"collection":[{"href":"https:\/\/kabuki-izdelki.si\/en\/wp-json\/wp\/v2\/product"}],"about":[{"href":"https:\/\/kabuki-izdelki.si\/en\/wp-json\/wp\/v2\/types\/product"}],"wp:featuredmedia":[{"embeddable":true,"href":"https:\/\/kabuki-izdelki.si\/en\/wp-json\/wp\/v2\/media\/895"}],"wp:attachment":[{"href":"https:\/\/kabuki-izdelki.si\/en\/wp-json\/wp\/v2\/media?parent=897"}],"wp:term":[{"taxonomy":"product_brand","embeddable":true,"href":"https:\/\/kabuki-izdelki.si\/en\/wp-json\/wp\/v2\/product_brand?post=897"},{"taxonomy":"product_cat","embeddable":true,"href":"https:\/\/kabuki-izdelki.si\/en\/wp-json\/wp\/v2\/product_cat?post=897"},{"taxonomy":"product_tag","embeddable":true,"href":"https:\/\/kabuki-izdelki.si\/en\/wp-json\/wp\/v2\/product_tag?post=897"}],"curies":[{"name":"wp","href":"https:\/\/api.w.org\/{rel}","templated":true}]}}