{"id":243,"date":"2025-11-19T22:08:15","date_gmt":"2025-11-19T22:08:15","guid":{"rendered":"https:\/\/kabuki-izdelki.si\/?post_type=product&#038;p=243"},"modified":"2025-11-29T17:26:56","modified_gmt":"2025-11-29T17:26:56","slug":"lesena-stevilka-z-gravuro-in-podstavkom","status":"publish","type":"product","link":"https:\/\/kabuki-izdelki.si\/en\/product\/lesena-stevilka-z-gravuro-in-podstavkom\/","title":{"rendered":"Lesena \u0161tevilka z gravuro in podstavkom"},"content":{"rendered":"","protected":false},"excerpt":{"rendered":"<p><strong>Dimenzija:<\/strong> 150 mm <em>(vi\u0161ina)<\/em><\/p>\n<p>Obojestransko gravirana \u0161tevilka s podstavkom.<br \/>\nPo izbiri vam na podstavek graviramo tudi va\u0161 logo\/ime\/&#8230;itd.<\/p>\n<p><em>Za naro\u010dilo ve\u010dje koli\u010dine po\u0161ljite povpra\u0161evanje na e-mail ali nas pokli\u010dite.<\/em><\/p>","protected":false},"featured_media":240,"template":"","meta":{"_acf_changed":false},"product_brand":[],"product_cat":[35],"product_tag":[],"class_list":{"0":"post-243","1":"product","2":"type-product","3":"status-publish","4":"has-post-thumbnail","6":"product_cat-poroka","8":"first","9":"instock","10":"shipping-taxable","11":"purchasable","12":"product-type-simple"},"acf":[],"_links":{"self":[{"href":"https:\/\/kabuki-izdelki.si\/en\/wp-json\/wp\/v2\/product\/243","targetHints":{"allow":["GET"]}}],"collection":[{"href":"https:\/\/kabuki-izdelki.si\/en\/wp-json\/wp\/v2\/product"}],"about":[{"href":"https:\/\/kabuki-izdelki.si\/en\/wp-json\/wp\/v2\/types\/product"}],"wp:featuredmedia":[{"embeddable":true,"href":"https:\/\/kabuki-izdelki.si\/en\/wp-json\/wp\/v2\/media\/240"}],"wp:attachment":[{"href":"https:\/\/kabuki-izdelki.si\/en\/wp-json\/wp\/v2\/media?parent=243"}],"wp:term":[{"taxonomy":"product_brand","embeddable":true,"href":"https:\/\/kabuki-izdelki.si\/en\/wp-json\/wp\/v2\/product_brand?post=243"},{"taxonomy":"product_cat","embeddable":true,"href":"https:\/\/kabuki-izdelki.si\/en\/wp-json\/wp\/v2\/product_cat?post=243"},{"taxonomy":"product_tag","embeddable":true,"href":"https:\/\/kabuki-izdelki.si\/en\/wp-json\/wp\/v2\/product_tag?post=243"}],"curies":[{"name":"wp","href":"https:\/\/api.w.org\/{rel}","templated":true}]}}