{"id":230,"date":"2025-11-19T21:03:03","date_gmt":"2025-11-19T21:03:03","guid":{"rendered":"https:\/\/kabuki-izdelki.si\/?post_type=product&#038;p=230"},"modified":"2025-12-03T20:50:39","modified_gmt":"2025-12-03T20:50:39","slug":"servirna-deska","status":"publish","type":"product","link":"https:\/\/kabuki-izdelki.si\/en\/product\/servirna-deska\/","title":{"rendered":"Servirna deska"},"content":{"rendered":"","protected":false},"excerpt":{"rendered":"<p>Unikatna masivna servirna deska z gravuro po izbiri.<\/p>\n<ul>\n<li data-start=\"674\" data-end=\"837\">\n<p data-start=\"676\" data-end=\"837\">Mo\u017enost personalizirane gravure (ime, kratek tekst ali logotip) \u2013 odli\u010dno kot darilo ali poseben dodatek k doma\u010di mizici.<\/p>\n<\/li>\n<li data-start=\"838\" data-end=\"967\">\n<p data-start=\"840\" data-end=\"967\">Elegantna kombinacija estetike in prakti\u010dnosti: serviranje sirov, narezkov, kruha, sadja ali sladic postane poseben trenutek.<\/p>\n<\/li>\n<li data-start=\"968\" data-end=\"1201\">\n<p data-start=\"970\" data-end=\"1201\">Vsaka deska je unikat \u2013 naravni les prina\u0161a svoje posebnosti (barvne prehode, strukturo), kar pove\u010da \u010dar izdelka. (Primer podobnih unikatnih desk: vsaka ima razliko v obliki, lesu, detajlih.)<\/p>\n<\/li>\n<\/ul>","protected":false},"featured_media":226,"template":"","meta":{"_acf_changed":false},"product_brand":[],"product_cat":[34],"product_tag":[],"class_list":{"0":"post-230","1":"product","2":"type-product","3":"status-publish","4":"has-post-thumbnail","6":"product_cat-dom-in-prosti-cas","8":"first","9":"instock","10":"shipping-taxable","11":"purchasable","12":"product-type-variable"},"acf":[],"_links":{"self":[{"href":"https:\/\/kabuki-izdelki.si\/en\/wp-json\/wp\/v2\/product\/230","targetHints":{"allow":["GET"]}}],"collection":[{"href":"https:\/\/kabuki-izdelki.si\/en\/wp-json\/wp\/v2\/product"}],"about":[{"href":"https:\/\/kabuki-izdelki.si\/en\/wp-json\/wp\/v2\/types\/product"}],"wp:featuredmedia":[{"embeddable":true,"href":"https:\/\/kabuki-izdelki.si\/en\/wp-json\/wp\/v2\/media\/226"}],"wp:attachment":[{"href":"https:\/\/kabuki-izdelki.si\/en\/wp-json\/wp\/v2\/media?parent=230"}],"wp:term":[{"taxonomy":"product_brand","embeddable":true,"href":"https:\/\/kabuki-izdelki.si\/en\/wp-json\/wp\/v2\/product_brand?post=230"},{"taxonomy":"product_cat","embeddable":true,"href":"https:\/\/kabuki-izdelki.si\/en\/wp-json\/wp\/v2\/product_cat?post=230"},{"taxonomy":"product_tag","embeddable":true,"href":"https:\/\/kabuki-izdelki.si\/en\/wp-json\/wp\/v2\/product_tag?post=230"}],"curies":[{"name":"wp","href":"https:\/\/api.w.org\/{rel}","templated":true}]}}