{"id":222,"date":"2025-11-19T20:51:17","date_gmt":"2025-11-19T20:51:17","guid":{"rendered":"https:\/\/kabuki-izdelki.si\/?post_type=product&#038;p=222"},"modified":"2025-12-03T20:52:22","modified_gmt":"2025-12-03T20:52:22","slug":"lesen-odpirac-z-gravuro","status":"publish","type":"product","link":"https:\/\/kabuki-izdelki.si\/en\/product\/lesen-odpirac-z-gravuro\/","title":{"rendered":"Lesen odpira\u010d z gravuro"},"content":{"rendered":"","protected":false},"excerpt":{"rendered":"<p>Unikatni odpira\u010d s poljubnim graviranim napisom ali ve\u010d njih.<\/p>","protected":false},"featured_media":224,"template":"","meta":{"_acf_changed":false},"product_brand":[],"product_cat":[34],"product_tag":[],"class_list":{"0":"post-222","1":"product","2":"type-product","3":"status-publish","4":"has-post-thumbnail","6":"product_cat-dom-in-prosti-cas","8":"first","9":"instock","10":"shipping-taxable","11":"purchasable","12":"product-type-simple"},"acf":[],"_links":{"self":[{"href":"https:\/\/kabuki-izdelki.si\/en\/wp-json\/wp\/v2\/product\/222","targetHints":{"allow":["GET"]}}],"collection":[{"href":"https:\/\/kabuki-izdelki.si\/en\/wp-json\/wp\/v2\/product"}],"about":[{"href":"https:\/\/kabuki-izdelki.si\/en\/wp-json\/wp\/v2\/types\/product"}],"wp:featuredmedia":[{"embeddable":true,"href":"https:\/\/kabuki-izdelki.si\/en\/wp-json\/wp\/v2\/media\/224"}],"wp:attachment":[{"href":"https:\/\/kabuki-izdelki.si\/en\/wp-json\/wp\/v2\/media?parent=222"}],"wp:term":[{"taxonomy":"product_brand","embeddable":true,"href":"https:\/\/kabuki-izdelki.si\/en\/wp-json\/wp\/v2\/product_brand?post=222"},{"taxonomy":"product_cat","embeddable":true,"href":"https:\/\/kabuki-izdelki.si\/en\/wp-json\/wp\/v2\/product_cat?post=222"},{"taxonomy":"product_tag","embeddable":true,"href":"https:\/\/kabuki-izdelki.si\/en\/wp-json\/wp\/v2\/product_tag?post=222"}],"curies":[{"name":"wp","href":"https:\/\/api.w.org\/{rel}","templated":true}]}}