{"id":1028,"date":"2025-12-04T18:53:34","date_gmt":"2025-12-04T18:53:34","guid":{"rendered":"https:\/\/kabuki-izdelki.si\/?post_type=product&#038;p=1028"},"modified":"2025-12-04T18:55:25","modified_gmt":"2025-12-04T18:55:25","slug":"3-delni-komplet-angelckov-za-smrecico","status":"publish","type":"product","link":"https:\/\/kabuki-izdelki.si\/en\/product\/3-delni-komplet-angelckov-za-smrecico\/","title":{"rendered":"3-delni komplet angel\u010dkov za smre\u010dico"},"content":{"rendered":"","protected":false},"excerpt":{"rendered":"<p><strong>Dimenzija:<\/strong> 95 mm<br \/>\n<strong>Koli\u010dina<\/strong>: 3 kos<\/p>\n<p>Leseni okraski za bo\u017ei\u010dno smrekico z motivi angel\u010dkov.<\/p>","protected":false},"featured_media":1031,"template":"","meta":{"_acf_changed":false},"product_brand":[],"product_cat":[47],"product_tag":[],"class_list":{"0":"post-1028","1":"product","2":"type-product","3":"status-publish","4":"has-post-thumbnail","6":"product_cat-bozicni-cas","8":"first","9":"instock","10":"shipping-taxable","11":"purchasable","12":"product-type-simple"},"acf":[],"_links":{"self":[{"href":"https:\/\/kabuki-izdelki.si\/en\/wp-json\/wp\/v2\/product\/1028","targetHints":{"allow":["GET"]}}],"collection":[{"href":"https:\/\/kabuki-izdelki.si\/en\/wp-json\/wp\/v2\/product"}],"about":[{"href":"https:\/\/kabuki-izdelki.si\/en\/wp-json\/wp\/v2\/types\/product"}],"wp:featuredmedia":[{"embeddable":true,"href":"https:\/\/kabuki-izdelki.si\/en\/wp-json\/wp\/v2\/media\/1031"}],"wp:attachment":[{"href":"https:\/\/kabuki-izdelki.si\/en\/wp-json\/wp\/v2\/media?parent=1028"}],"wp:term":[{"taxonomy":"product_brand","embeddable":true,"href":"https:\/\/kabuki-izdelki.si\/en\/wp-json\/wp\/v2\/product_brand?post=1028"},{"taxonomy":"product_cat","embeddable":true,"href":"https:\/\/kabuki-izdelki.si\/en\/wp-json\/wp\/v2\/product_cat?post=1028"},{"taxonomy":"product_tag","embeddable":true,"href":"https:\/\/kabuki-izdelki.si\/en\/wp-json\/wp\/v2\/product_tag?post=1028"}],"curies":[{"name":"wp","href":"https:\/\/api.w.org\/{rel}","templated":true}]}}