{"id":1024,"date":"2025-12-04T18:48:22","date_gmt":"2025-12-04T18:48:22","guid":{"rendered":"https:\/\/kabuki-izdelki.si\/?post_type=product&#038;p=1024"},"modified":"2025-12-04T18:52:24","modified_gmt":"2025-12-04T18:52:24","slug":"personaliziran-obesek-za-smrecico-bozic","status":"publish","type":"product","link":"https:\/\/kabuki-izdelki.si\/en\/product\/personaliziran-obesek-za-smrecico-bozic\/","title":{"rendered":"Personaliziran obesek za smre\u010dico, BO\u017dI\u010c"},"content":{"rendered":"","protected":false},"excerpt":{"rendered":"<p><strong>Dimenzija:<\/strong> 95 mm<\/p>\n<p>Personaliziran obesek za smre\u010dico z graviranim va\u0161im imenom, z motivom bo\u017ei\u010da.<\/p>","protected":false},"featured_media":1026,"template":"","meta":{"_acf_changed":false},"product_brand":[],"product_cat":[47],"product_tag":[],"class_list":{"0":"post-1024","1":"product","2":"type-product","3":"status-publish","4":"has-post-thumbnail","6":"product_cat-bozicni-cas","8":"first","9":"instock","10":"shipping-taxable","11":"purchasable","12":"product-type-simple"},"acf":[],"_links":{"self":[{"href":"https:\/\/kabuki-izdelki.si\/en\/wp-json\/wp\/v2\/product\/1024","targetHints":{"allow":["GET"]}}],"collection":[{"href":"https:\/\/kabuki-izdelki.si\/en\/wp-json\/wp\/v2\/product"}],"about":[{"href":"https:\/\/kabuki-izdelki.si\/en\/wp-json\/wp\/v2\/types\/product"}],"wp:featuredmedia":[{"embeddable":true,"href":"https:\/\/kabuki-izdelki.si\/en\/wp-json\/wp\/v2\/media\/1026"}],"wp:attachment":[{"href":"https:\/\/kabuki-izdelki.si\/en\/wp-json\/wp\/v2\/media?parent=1024"}],"wp:term":[{"taxonomy":"product_brand","embeddable":true,"href":"https:\/\/kabuki-izdelki.si\/en\/wp-json\/wp\/v2\/product_brand?post=1024"},{"taxonomy":"product_cat","embeddable":true,"href":"https:\/\/kabuki-izdelki.si\/en\/wp-json\/wp\/v2\/product_cat?post=1024"},{"taxonomy":"product_tag","embeddable":true,"href":"https:\/\/kabuki-izdelki.si\/en\/wp-json\/wp\/v2\/product_tag?post=1024"}],"curies":[{"name":"wp","href":"https:\/\/api.w.org\/{rel}","templated":true}]}}