{"id":1020,"date":"2025-12-04T18:42:47","date_gmt":"2025-12-04T18:42:47","guid":{"rendered":"https:\/\/kabuki-izdelki.si\/?post_type=product&#038;p=1020"},"modified":"2025-12-04T18:44:42","modified_gmt":"2025-12-04T18:44:42","slug":"okrasek-za-smrecico-muca","status":"publish","type":"product","link":"https:\/\/kabuki-izdelki.si\/en\/product\/okrasek-za-smrecico-muca\/","title":{"rendered":"Okrasek za smre\u010dico, MUCA"},"content":{"rendered":"","protected":false},"excerpt":{"rendered":"<p><strong>Dimenzija:<\/strong> 95 mm<\/p>\n<p>Lesen graviran personaliziran obesek za smre\u010dico in va\u0161ega hi\u0161nega ljubljen\u010dka.<\/p>","protected":false},"featured_media":1021,"template":"","meta":{"_acf_changed":false},"product_brand":[],"product_cat":[47],"product_tag":[],"class_list":{"0":"post-1020","1":"product","2":"type-product","3":"status-publish","4":"has-post-thumbnail","6":"product_cat-bozicni-cas","8":"first","9":"instock","10":"shipping-taxable","11":"purchasable","12":"product-type-simple"},"acf":[],"_links":{"self":[{"href":"https:\/\/kabuki-izdelki.si\/en\/wp-json\/wp\/v2\/product\/1020","targetHints":{"allow":["GET"]}}],"collection":[{"href":"https:\/\/kabuki-izdelki.si\/en\/wp-json\/wp\/v2\/product"}],"about":[{"href":"https:\/\/kabuki-izdelki.si\/en\/wp-json\/wp\/v2\/types\/product"}],"wp:featuredmedia":[{"embeddable":true,"href":"https:\/\/kabuki-izdelki.si\/en\/wp-json\/wp\/v2\/media\/1021"}],"wp:attachment":[{"href":"https:\/\/kabuki-izdelki.si\/en\/wp-json\/wp\/v2\/media?parent=1020"}],"wp:term":[{"taxonomy":"product_brand","embeddable":true,"href":"https:\/\/kabuki-izdelki.si\/en\/wp-json\/wp\/v2\/product_brand?post=1020"},{"taxonomy":"product_cat","embeddable":true,"href":"https:\/\/kabuki-izdelki.si\/en\/wp-json\/wp\/v2\/product_cat?post=1020"},{"taxonomy":"product_tag","embeddable":true,"href":"https:\/\/kabuki-izdelki.si\/en\/wp-json\/wp\/v2\/product_tag?post=1020"}],"curies":[{"name":"wp","href":"https:\/\/api.w.org\/{rel}","templated":true}]}}